{"id":2680,"date":"2026-04-06T13:50:08","date_gmt":"2026-04-06T18:50:08","guid":{"rendered":"https:\/\/mariaelviragz.com\/?post_type=product&#038;p=2680"},"modified":"2026-04-06T14:28:39","modified_gmt":"2026-04-06T19:28:39","slug":"la-gran-monarca-azul","status":"publish","type":"product","link":"https:\/\/mariaelviragz.com\/index.php\/producto\/la-gran-monarca-azul\/","title":{"rendered":"La Gran Monarca Azul"},"content":{"rendered":"<p>El proceso est\u00e1 estructurado en cuatro grandes etapas que reflejan el viaje de renacimiento:<br \/><strong>El despertar emocional<\/strong>, donde comienza el reconocimiento interno y la conexi\u00f3n con la necesidad de cambio.<\/p>\n<p><strong>Sanar alas rotas<\/strong>, un proceso profundo de sanaci\u00f3n, liberaci\u00f3n emocional y perd\u00f3n.<br \/><strong>Volar con prop\u00f3sito<\/strong>, donde se activa el liderazgo personal y la construcci\u00f3n de una vida con intenci\u00f3n.<br \/><strong>Vivir en libertad<\/strong>, integrando autonom\u00eda personal, claridad y libertad econ\u00f3mica.<\/p>\n<p>Cada cap\u00edtulo no solo entrega conocimiento, sino que incluye ejercicios, preguntas y espacios de reflexi\u00f3n que convierten la lectura en una experiencia vivencial, alineada con el proceso del programa y dise\u00f1ada para llevar a la acci\u00f3n.<\/p>\n<p>En el coraz\u00f3n de esta obra nace el concepto de la <strong>Mujer Monarca Azul<\/strong>: una mujer que se transforma, que se elige, que lidera su vida desde la coherencia y que construye su libertad desde adentro hacia afuera.<br \/><em>La Gran Monarca Azul<\/em> es, entonces, una puerta de entrada y a la vez un pilar del programa. Es el espacio donde comienza el trabajo interior, donde se despierta la conciencia y donde cada mujer inicia su propio vuelo.<\/p>\n<p>No es el libro el que transforma.<br \/>Es la decisi\u00f3n de quien lo vive.<br \/>Este es el inicio de tu renacimiento.<\/p>\n","protected":false},"excerpt":{"rendered":"<p><em>La Gran Monarca Azul<\/em> es m\u00e1s que un libro: es un manifiesto de transformaci\u00f3n femenina y una gu\u00eda estructurada que hace parte del programa <strong>La Gran Monarca Azul<\/strong>, un proceso dise\u00f1ado para acompa\u00f1ar a la mujer en su camino de renacimiento personal, emocional y consciente.<\/p>\n<p>Inspirado en la poderosa met\u00e1fora de la metamorfosis de la mariposa monarca azul, este libro revela que toda mujer posee la capacidad de transformarse desde su esencia m\u00e1s profunda y reconstruir su vida con prop\u00f3sito, coherencia y libertad.<\/p>\n<p>Esta obra no es un contenido aislado, sino una pieza fundamental dentro del programa, que act\u00faa como mapa, gu\u00eda y herramienta de trabajo interior. A trav\u00e9s de sus p\u00e1ginas, Mar\u00eda Elvira Garc\u00eda Zuleta propone un camino claro que trasciende la motivaci\u00f3n superficial, integrando filosof\u00eda, psicolog\u00eda, inteligencia emocional y estrategias pr\u00e1cticas para generar una transformaci\u00f3n real y sostenible.<\/p>\n","protected":false},"featured_media":1978,"comment_status":"closed","ping_status":"closed","template":"","meta":[],"product_brand":[],"product_cat":[22],"product_tag":[],"class_list":{"0":"post-2680","1":"product","2":"type-product","3":"status-publish","4":"has-post-thumbnail","6":"product_cat-sin-categorizar","7":"entry","9":"first","10":"instock","11":"featured","12":"shipping-taxable","13":"purchasable","14":"product-type-simple"},"yoast_head":"<!-- This site is optimized with the Yoast SEO plugin v27.2 - https:\/\/yoast.com\/product\/yoast-seo-wordpress\/ -->\n<title>La Gran Monarca Azul - Maria Elvira<\/title>\n<meta name=\"robots\" content=\"index, follow, max-snippet:-1, max-image-preview:large, max-video-preview:-1\" \/>\n<link rel=\"canonical\" href=\"https:\/\/mariaelviragz.com\/index.php\/producto\/la-gran-monarca-azul\/\" \/>\n<meta property=\"og:locale\" content=\"es_ES\" \/>\n<meta property=\"og:type\" content=\"article\" \/>\n<meta property=\"og:title\" content=\"La Gran Monarca Azul - Maria Elvira\" \/>\n<meta property=\"og:description\" content=\"La Gran Monarca Azul es m\u00e1s que un libro: es un manifiesto de transformaci\u00f3n femenina y una gu\u00eda estructurada que hace parte del programa La Gran Monarca Azul, un proceso dise\u00f1ado para acompa\u00f1ar a la mujer en su camino de renacimiento personal, emocional y consciente.Inspirado en la poderosa met\u00e1fora de la metamorfosis de la mariposa monarca azul, este libro revela que toda mujer posee la capacidad de transformarse desde su esencia m\u00e1s profunda y reconstruir su vida con prop\u00f3sito, coherencia y libertad.Esta obra no es un contenido aislado, sino una pieza fundamental dentro del programa, que act\u00faa como mapa, gu\u00eda y herramienta de trabajo interior. A trav\u00e9s de sus p\u00e1ginas, Mar\u00eda Elvira Garc\u00eda Zuleta propone un camino claro que trasciende la motivaci\u00f3n superficial, integrando filosof\u00eda, psicolog\u00eda, inteligencia emocional y estrategias pr\u00e1cticas para generar una transformaci\u00f3n real y sostenible.\" \/>\n<meta property=\"og:url\" content=\"https:\/\/mariaelviragz.com\/index.php\/producto\/la-gran-monarca-azul\/\" \/>\n<meta property=\"og:site_name\" content=\"Maria Elvira\" \/>\n<meta property=\"article:modified_time\" content=\"2026-04-06T19:28:39+00:00\" \/>\n<meta property=\"og:image\" content=\"https:\/\/mariaelviragz.com\/wp-content\/uploads\/2024\/02\/Brown-and-Cream-Soft-Book-Cover-Mockup-Instagram-Post-1.png\" \/>\n\t<meta property=\"og:image:width\" content=\"1080\" \/>\n\t<meta property=\"og:image:height\" content=\"1080\" \/>\n\t<meta property=\"og:image:type\" content=\"image\/png\" \/>\n<meta name=\"twitter:card\" content=\"summary_large_image\" \/>\n<meta name=\"twitter:label1\" content=\"Tiempo de lectura\" \/>\n\t<meta name=\"twitter:data1\" content=\"1 minuto\" \/>\n<script type=\"application\/ld+json\" class=\"yoast-schema-graph\">{\"@context\":\"https:\/\/schema.org\",\"@graph\":[{\"@type\":\"WebPage\",\"@id\":\"https:\/\/mariaelviragz.com\/index.php\/producto\/la-gran-monarca-azul\/\",\"url\":\"https:\/\/mariaelviragz.com\/index.php\/producto\/la-gran-monarca-azul\/\",\"name\":\"La Gran Monarca Azul - Maria Elvira\",\"isPartOf\":{\"@id\":\"https:\/\/mariaelviragz.com\/#website\"},\"primaryImageOfPage\":{\"@id\":\"https:\/\/mariaelviragz.com\/index.php\/producto\/la-gran-monarca-azul\/#primaryimage\"},\"image\":{\"@id\":\"https:\/\/mariaelviragz.com\/index.php\/producto\/la-gran-monarca-azul\/#primaryimage\"},\"thumbnailUrl\":\"https:\/\/mariaelviragz.com\/wp-content\/uploads\/2025\/04\/Imagen-de-WhatsApp-2025-04-18-a-las-09.19.23_072d188d.jpg\",\"datePublished\":\"2026-04-06T18:50:08+00:00\",\"dateModified\":\"2026-04-06T19:28:39+00:00\",\"breadcrumb\":{\"@id\":\"https:\/\/mariaelviragz.com\/index.php\/producto\/la-gran-monarca-azul\/#breadcrumb\"},\"inLanguage\":\"es\",\"potentialAction\":[{\"@type\":\"ReadAction\",\"target\":[\"https:\/\/mariaelviragz.com\/index.php\/producto\/la-gran-monarca-azul\/\"]}]},{\"@type\":\"ImageObject\",\"inLanguage\":\"es\",\"@id\":\"https:\/\/mariaelviragz.com\/index.php\/producto\/la-gran-monarca-azul\/#primaryimage\",\"url\":\"https:\/\/mariaelviragz.com\/wp-content\/uploads\/2025\/04\/Imagen-de-WhatsApp-2025-04-18-a-las-09.19.23_072d188d.jpg\",\"contentUrl\":\"https:\/\/mariaelviragz.com\/wp-content\/uploads\/2025\/04\/Imagen-de-WhatsApp-2025-04-18-a-las-09.19.23_072d188d.jpg\",\"width\":828,\"height\":1066},{\"@type\":\"BreadcrumbList\",\"@id\":\"https:\/\/mariaelviragz.com\/index.php\/producto\/la-gran-monarca-azul\/#breadcrumb\",\"itemListElement\":[{\"@type\":\"ListItem\",\"position\":1,\"name\":\"Portada\",\"item\":\"https:\/\/mariaelviragz.com\/\"},{\"@type\":\"ListItem\",\"position\":2,\"name\":\"Productos\",\"item\":\"https:\/\/mariaelviragz.com\/index.php\/tienda\/\"},{\"@type\":\"ListItem\",\"position\":3,\"name\":\"La Gran Monarca Azul\"}]},{\"@type\":\"WebSite\",\"@id\":\"https:\/\/mariaelviragz.com\/#website\",\"url\":\"https:\/\/mariaelviragz.com\/\",\"name\":\"Maria Elvira\",\"description\":\"Escritora\",\"publisher\":{\"@id\":\"https:\/\/mariaelviragz.com\/#organization\"},\"potentialAction\":[{\"@type\":\"SearchAction\",\"target\":{\"@type\":\"EntryPoint\",\"urlTemplate\":\"https:\/\/mariaelviragz.com\/?s={search_term_string}\"},\"query-input\":{\"@type\":\"PropertyValueSpecification\",\"valueRequired\":true,\"valueName\":\"search_term_string\"}}],\"inLanguage\":\"es\"},{\"@type\":\"Organization\",\"@id\":\"https:\/\/mariaelviragz.com\/#organization\",\"name\":\"Maria Elvira\",\"url\":\"https:\/\/mariaelviragz.com\/\",\"logo\":{\"@type\":\"ImageObject\",\"inLanguage\":\"es\",\"@id\":\"https:\/\/mariaelviragz.com\/#\/schema\/logo\/image\/\",\"url\":\"https:\/\/mariaelviragz.com\/wp-content\/uploads\/2024\/02\/cropped-maria-elvira-3.png\",\"contentUrl\":\"https:\/\/mariaelviragz.com\/wp-content\/uploads\/2024\/02\/cropped-maria-elvira-3.png\",\"width\":642,\"height\":102,\"caption\":\"Maria Elvira\"},\"image\":{\"@id\":\"https:\/\/mariaelviragz.com\/#\/schema\/logo\/image\/\"}}]}<\/script>\n<!-- \/ Yoast SEO plugin. -->","yoast_head_json":{"title":"La Gran Monarca Azul - Maria Elvira","robots":{"index":"index","follow":"follow","max-snippet":"max-snippet:-1","max-image-preview":"max-image-preview:large","max-video-preview":"max-video-preview:-1"},"canonical":"https:\/\/mariaelviragz.com\/index.php\/producto\/la-gran-monarca-azul\/","og_locale":"es_ES","og_type":"article","og_title":"La Gran Monarca Azul - Maria Elvira","og_description":"La Gran Monarca Azul es m\u00e1s que un libro: es un manifiesto de transformaci\u00f3n femenina y una gu\u00eda estructurada que hace parte del programa La Gran Monarca Azul, un proceso dise\u00f1ado para acompa\u00f1ar a la mujer en su camino de renacimiento personal, emocional y consciente.Inspirado en la poderosa met\u00e1fora de la metamorfosis de la mariposa monarca azul, este libro revela que toda mujer posee la capacidad de transformarse desde su esencia m\u00e1s profunda y reconstruir su vida con prop\u00f3sito, coherencia y libertad.Esta obra no es un contenido aislado, sino una pieza fundamental dentro del programa, que act\u00faa como mapa, gu\u00eda y herramienta de trabajo interior. A trav\u00e9s de sus p\u00e1ginas, Mar\u00eda Elvira Garc\u00eda Zuleta propone un camino claro que trasciende la motivaci\u00f3n superficial, integrando filosof\u00eda, psicolog\u00eda, inteligencia emocional y estrategias pr\u00e1cticas para generar una transformaci\u00f3n real y sostenible.","og_url":"https:\/\/mariaelviragz.com\/index.php\/producto\/la-gran-monarca-azul\/","og_site_name":"Maria Elvira","article_modified_time":"2026-04-06T19:28:39+00:00","og_image":[{"width":1080,"height":1080,"url":"https:\/\/mariaelviragz.com\/wp-content\/uploads\/2024\/02\/Brown-and-Cream-Soft-Book-Cover-Mockup-Instagram-Post-1.png","type":"image\/png"}],"twitter_card":"summary_large_image","twitter_misc":{"Tiempo de lectura":"1 minuto"},"schema":{"@context":"https:\/\/schema.org","@graph":[{"@type":"WebPage","@id":"https:\/\/mariaelviragz.com\/index.php\/producto\/la-gran-monarca-azul\/","url":"https:\/\/mariaelviragz.com\/index.php\/producto\/la-gran-monarca-azul\/","name":"La Gran Monarca Azul - Maria Elvira","isPartOf":{"@id":"https:\/\/mariaelviragz.com\/#website"},"primaryImageOfPage":{"@id":"https:\/\/mariaelviragz.com\/index.php\/producto\/la-gran-monarca-azul\/#primaryimage"},"image":{"@id":"https:\/\/mariaelviragz.com\/index.php\/producto\/la-gran-monarca-azul\/#primaryimage"},"thumbnailUrl":"https:\/\/mariaelviragz.com\/wp-content\/uploads\/2025\/04\/Imagen-de-WhatsApp-2025-04-18-a-las-09.19.23_072d188d.jpg","datePublished":"2026-04-06T18:50:08+00:00","dateModified":"2026-04-06T19:28:39+00:00","breadcrumb":{"@id":"https:\/\/mariaelviragz.com\/index.php\/producto\/la-gran-monarca-azul\/#breadcrumb"},"inLanguage":"es","potentialAction":[{"@type":"ReadAction","target":["https:\/\/mariaelviragz.com\/index.php\/producto\/la-gran-monarca-azul\/"]}]},{"@type":"ImageObject","inLanguage":"es","@id":"https:\/\/mariaelviragz.com\/index.php\/producto\/la-gran-monarca-azul\/#primaryimage","url":"https:\/\/mariaelviragz.com\/wp-content\/uploads\/2025\/04\/Imagen-de-WhatsApp-2025-04-18-a-las-09.19.23_072d188d.jpg","contentUrl":"https:\/\/mariaelviragz.com\/wp-content\/uploads\/2025\/04\/Imagen-de-WhatsApp-2025-04-18-a-las-09.19.23_072d188d.jpg","width":828,"height":1066},{"@type":"BreadcrumbList","@id":"https:\/\/mariaelviragz.com\/index.php\/producto\/la-gran-monarca-azul\/#breadcrumb","itemListElement":[{"@type":"ListItem","position":1,"name":"Portada","item":"https:\/\/mariaelviragz.com\/"},{"@type":"ListItem","position":2,"name":"Productos","item":"https:\/\/mariaelviragz.com\/index.php\/tienda\/"},{"@type":"ListItem","position":3,"name":"La Gran Monarca Azul"}]},{"@type":"WebSite","@id":"https:\/\/mariaelviragz.com\/#website","url":"https:\/\/mariaelviragz.com\/","name":"Maria Elvira","description":"Escritora","publisher":{"@id":"https:\/\/mariaelviragz.com\/#organization"},"potentialAction":[{"@type":"SearchAction","target":{"@type":"EntryPoint","urlTemplate":"https:\/\/mariaelviragz.com\/?s={search_term_string}"},"query-input":{"@type":"PropertyValueSpecification","valueRequired":true,"valueName":"search_term_string"}}],"inLanguage":"es"},{"@type":"Organization","@id":"https:\/\/mariaelviragz.com\/#organization","name":"Maria Elvira","url":"https:\/\/mariaelviragz.com\/","logo":{"@type":"ImageObject","inLanguage":"es","@id":"https:\/\/mariaelviragz.com\/#\/schema\/logo\/image\/","url":"https:\/\/mariaelviragz.com\/wp-content\/uploads\/2024\/02\/cropped-maria-elvira-3.png","contentUrl":"https:\/\/mariaelviragz.com\/wp-content\/uploads\/2024\/02\/cropped-maria-elvira-3.png","width":642,"height":102,"caption":"Maria Elvira"},"image":{"@id":"https:\/\/mariaelviragz.com\/#\/schema\/logo\/image\/"}}]}},"jetpack_sharing_enabled":true,"_links":{"self":[{"href":"https:\/\/mariaelviragz.com\/index.php\/wp-json\/wp\/v2\/product\/2680","targetHints":{"allow":["GET"]}}],"collection":[{"href":"https:\/\/mariaelviragz.com\/index.php\/wp-json\/wp\/v2\/product"}],"about":[{"href":"https:\/\/mariaelviragz.com\/index.php\/wp-json\/wp\/v2\/types\/product"}],"replies":[{"embeddable":true,"href":"https:\/\/mariaelviragz.com\/index.php\/wp-json\/wp\/v2\/comments?post=2680"}],"version-history":[{"count":1,"href":"https:\/\/mariaelviragz.com\/index.php\/wp-json\/wp\/v2\/product\/2680\/revisions"}],"predecessor-version":[{"id":2683,"href":"https:\/\/mariaelviragz.com\/index.php\/wp-json\/wp\/v2\/product\/2680\/revisions\/2683"}],"wp:featuredmedia":[{"embeddable":true,"href":"https:\/\/mariaelviragz.com\/index.php\/wp-json\/wp\/v2\/media\/1978"}],"wp:attachment":[{"href":"https:\/\/mariaelviragz.com\/index.php\/wp-json\/wp\/v2\/media?parent=2680"}],"wp:term":[{"taxonomy":"product_brand","embeddable":true,"href":"https:\/\/mariaelviragz.com\/index.php\/wp-json\/wp\/v2\/product_brand?post=2680"},{"taxonomy":"product_cat","embeddable":true,"href":"https:\/\/mariaelviragz.com\/index.php\/wp-json\/wp\/v2\/product_cat?post=2680"},{"taxonomy":"product_tag","embeddable":true,"href":"https:\/\/mariaelviragz.com\/index.php\/wp-json\/wp\/v2\/product_tag?post=2680"}],"curies":[{"name":"wp","href":"https:\/\/api.w.org\/{rel}","templated":true}]}}