{"id":1733,"date":"2024-09-27T13:30:22","date_gmt":"2024-09-27T18:30:22","guid":{"rendered":"https:\/\/mariaelviragz.com\/?page_id=1733"},"modified":"2025-01-30T11:05:07","modified_gmt":"2025-01-30T16:05:07","slug":"estas-escribiendo-un-libro","status":"publish","type":"page","link":"https:\/\/mariaelviragz.com\/index.php\/estas-escribiendo-un-libro\/","title":{"rendered":"\u00bfEst\u00e1s escribiendo un libro?"},"content":{"rendered":"\t\t<div data-elementor-type=\"wp-page\" data-elementor-id=\"1733\" class=\"elementor elementor-1733\" data-elementor-post-type=\"page\">\n\t\t\t\t\t\t<section class=\"elementor-section elementor-top-section elementor-element elementor-element-539d471 elementor-section-height-min-height elementor-section-boxed elementor-section-height-default elementor-section-items-middle\" data-id=\"539d471\" data-element_type=\"section\" data-e-type=\"section\" data-settings=\"{&quot;background_background&quot;:&quot;classic&quot;}\">\n\t\t\t\t\t\t\t<div class=\"elementor-background-overlay\"><\/div>\n\t\t\t\t\t\t\t<div class=\"elementor-container elementor-column-gap-default\">\n\t\t\t\t\t<div class=\"elementor-column elementor-col-100 elementor-top-column elementor-element elementor-element-af22109\" data-id=\"af22109\" data-element_type=\"column\" data-e-type=\"column\">\n\t\t\t<div class=\"elementor-widget-wrap elementor-element-populated\">\n\t\t\t\t\t\t<div class=\"elementor-element elementor-element-56875de elementor-widget elementor-widget-heading\" data-id=\"56875de\" data-element_type=\"widget\" data-e-type=\"widget\" data-widget_type=\"heading.default\">\n\t\t\t\t<div class=\"elementor-widget-container\">\n\t\t\t\t\t<h1 class=\"elementor-heading-title elementor-size-default\">\u00bfEst\u00e1s escribiendo un libro?<\/h1>\t\t\t\t<\/div>\n\t\t\t\t<\/div>\n\t\t\t\t\t<\/div>\n\t\t<\/div>\n\t\t\t\t\t<\/div>\n\t\t<\/section>\n\t\t<div class=\"elementor-element elementor-element-c9b008c e-grid e-con-boxed e-con e-parent\" data-id=\"c9b008c\" data-element_type=\"container\" data-e-type=\"container\">\n\t\t\t\t\t<div class=\"e-con-inner\">\n\t\t<div class=\"elementor-element elementor-element-5ca8cb2 e-con-full e-flex e-con e-child\" data-id=\"5ca8cb2\" data-element_type=\"container\" data-e-type=\"container\">\n\t\t\t\t<div class=\"elementor-element elementor-element-29828ed elementor-widget elementor-widget-text-editor\" data-id=\"29828ed\" data-element_type=\"widget\" data-e-type=\"widget\" data-widget_type=\"text-editor.default\">\n\t\t\t\t<div class=\"elementor-widget-container\">\n\t\t\t\t\t\t\t\t\t<p><strong>Los retos que tuve como escritora y c\u00f3mo superarlos con Extraordinary People by EDSUX<\/strong><\/p><p>Escribir un libro es un desaf\u00edo apasionante, pero el camino no siempre es f\u00e1cil. Como escritora, enfrent\u00e9 m\u00faltiples retos desde el primer d\u00eda:<\/p><p>\u00a0<\/p><ol><li><p><strong>La incertidumbre del inicio<\/strong>: No saber por d\u00f3nde empezar fue una de las mayores barreras. Ten\u00eda ideas, pero estructurarlas en un proyecto s\u00f3lido requer\u00eda gu\u00eda y apoyo.<\/p><\/li><li><p><strong>La constancia en la escritura<\/strong>: Mantenerme disciplinada y superar los bloqueos creativos fue un reto. Necesit\u00e9 herramientas y estrategias para organizar mi tiempo y avanzar sin rendirme.<\/p><\/li><li><p><strong>Correcci\u00f3n y edici\u00f3n<\/strong>: Escribir es solo el primer paso; pulir cada palabra y mejorar el contenido requiere paciencia, conocimientos y ayuda profesional.<\/p><\/li><li><p><strong>El dise\u00f1o y la presentaci\u00f3n del libro<\/strong>: La portada, la maquetaci\u00f3n y los formatos digitales son esenciales para atraer lectores, y encontrar la mejor forma de hacerlo fue un desaf\u00edo.<\/p><\/li><li><p><strong>Publicaci\u00f3n y distribuci\u00f3n<\/strong>: Decidir entre autopublicaci\u00f3n o una editorial, entender los procesos legales y encontrar las mejores plataformas para la venta del libro fue un mundo nuevo que tuve que explorar.<\/p><\/li><li><p><strong>Promoci\u00f3n y visibilidad<\/strong>: Un libro necesita llegar a su p\u00fablico, y lograrlo implica conocer estrategias de marketing, redes sociales y herramientas digitales.<\/p><\/li><\/ol><div>\u00a0<\/div><p>Estos desaf\u00edos me llevaron a crear <em><b>Extraordinary People<\/b> by <b>EDSUX<\/b><\/em>, un espacio dise\u00f1ado para acompa\u00f1arte desde el primer d\u00eda de escritura hasta la publicaci\u00f3n de tu libro. Con herramientas de educaci\u00f3n, creatividad y tecnolog\u00eda, te apoyamos en cada paso del proceso, asegur\u00e1ndonos de que transformes tus ideas en una obra terminada y lista para el mundo.<\/p><p>\u00a0<\/p><p>\u00a0<\/p><p>Si sue\u00f1as con escribir y publicar tu libro, <em>Extraordinary People by EDSUX<\/em> est\u00e1 aqu\u00ed para hacerlo posible.\u00a0<\/p>\t\t\t\t\t\t\t\t<\/div>\n\t\t\t\t<\/div>\n\t\t\t\t<div class=\"elementor-element elementor-element-93ecd04 elementor-button-danger elementor-align-center elementor-widget elementor-widget-button\" data-id=\"93ecd04\" data-element_type=\"widget\" data-e-type=\"widget\" data-widget_type=\"button.default\">\n\t\t\t\t<div class=\"elementor-widget-container\">\n\t\t\t\t\t\t\t\t\t<div class=\"elementor-button-wrapper\">\n\t\t\t\t\t<a class=\"elementor-button elementor-button-link elementor-size-sm\" href=\"https:\/\/edsux.com\/\">\n\t\t\t\t\t\t<span class=\"elementor-button-content-wrapper\">\n\t\t\t\t\t\t\t\t\t<span class=\"elementor-button-text\">Todo para escritores(as)<\/span>\n\t\t\t\t\t<\/span>\n\t\t\t\t\t<\/a>\n\t\t\t\t<\/div>\n\t\t\t\t\t\t\t\t<\/div>\n\t\t\t\t<\/div>\n\t\t\t\t<\/div>\n\t\t\t\t\t<\/div>\n\t\t\t\t<\/div>\n\t\t<div class=\"elementor-element elementor-element-795c854 e-flex e-con-boxed e-con e-parent\" data-id=\"795c854\" data-element_type=\"container\" data-e-type=\"container\">\n\t\t\t\t\t<div class=\"e-con-inner\">\n\t\t\t\t<div class=\"elementor-element elementor-element-27b409c elementor-widget elementor-widget-image\" data-id=\"27b409c\" data-element_type=\"widget\" data-e-type=\"widget\" data-widget_type=\"image.default\">\n\t\t\t\t<div class=\"elementor-widget-container\">\n\t\t\t\t\t\t\t\t\t\t\t\t\t\t\t<img decoding=\"async\" src=\"https:\/\/mariaelviragz.com\/wp-content\/uploads\/elementor\/thumbs\/Diseno-sin-titulo-qpm3zgr5qha3t2mijg9kprhfi9zb7vft7ib7q1npfs.png\" title=\"Dise\u00f1o sin t\u00edtulo\" alt=\"Dise\u00f1o sin t\u00edtulo\" loading=\"lazy\" \/>\t\t\t\t\t\t\t\t\t\t\t\t\t\t\t<\/div>\n\t\t\t\t<\/div>\n\t\t\t\t\t<\/div>\n\t\t\t\t<\/div>\n\t\t\t\t<\/div>\n\t\t","protected":false},"excerpt":{"rendered":"<p>\u00bfEst\u00e1s escribiendo un libro? Los retos que tuve como escritora y c\u00f3mo superarlos con Extraordinary People by EDSUX Escribir un libro es un desaf\u00edo apasionante, pero el camino no siempre es f\u00e1cil. Como escritora, enfrent\u00e9 m\u00faltiples retos desde el primer d\u00eda: \u00a0 La incertidumbre del inicio: No saber por d\u00f3nde empezar fue una de las&hellip; <a class=\"more-link\" href=\"https:\/\/mariaelviragz.com\/index.php\/estas-escribiendo-un-libro\/\">Seguir leyendo <span class=\"screen-reader-text\">\u00bfEst\u00e1s escribiendo un libro?<\/span><\/a><\/p>\n","protected":false},"author":2,"featured_media":0,"parent":0,"menu_order":0,"comment_status":"closed","ping_status":"closed","template":"elementor_header_footer","meta":{"footnotes":""},"class_list":["post-1733","page","type-page","status-publish","hentry","entry"],"yoast_head":"<!-- This site is optimized with the Yoast SEO plugin v27.2 - https:\/\/yoast.com\/product\/yoast-seo-wordpress\/ -->\n<title>\u00bfEst\u00e1s escribiendo un libro? - Maria Elvira<\/title>\n<meta name=\"description\" content=\"Uno de los mayores retos para un escritor(a), al hacer realidad su obra de manera acertada, es obtener el apoyo y la gu\u00eda necesaria sin caer en el exceso de todas las opciones confusas disponibles. Podemos trabajar juntos desde la concepci\u00f3n de tu idea o en la fase de correcci\u00f3n, y planear estrategias para impulsar tu proyecto literario, compartir\u00e9 mi conocimiento contigo y lo lograremos. \u00a1Trabajemos juntos!\" \/>\n<meta name=\"robots\" content=\"index, follow, max-snippet:-1, max-image-preview:large, max-video-preview:-1\" \/>\n<link rel=\"canonical\" href=\"https:\/\/mariaelviragz.com\/index.php\/estas-escribiendo-un-libro\/\" \/>\n<meta property=\"og:locale\" content=\"es_ES\" \/>\n<meta property=\"og:type\" content=\"article\" \/>\n<meta property=\"og:title\" content=\"\u00bfEst\u00e1s escribiendo un libro?\" \/>\n<meta property=\"og:description\" content=\"Uno de los mayores retos para un escritor(a), al hacer realidad su obra de manera acertada, es obtener el apoyo y la gu\u00eda necesaria sin caer en el exceso de todas las opciones confusas disponibles. Podemos trabajar juntos desde la concepci\u00f3n de tu idea o en la fase de correcci\u00f3n, y planear estrategias para impulsar tu proyecto literario, compartir\u00e9 mi conocimiento contigo y lo lograremos. \u00a1Trabajemos juntos!\" \/>\n<meta property=\"og:url\" content=\"https:\/\/mariaelviragz.com\/index.php\/estas-escribiendo-un-libro\/\" \/>\n<meta property=\"og:site_name\" content=\"Maria Elvira\" \/>\n<meta property=\"article:modified_time\" content=\"2025-01-30T16:05:07+00:00\" \/>\n<meta property=\"og:image\" content=\"https:\/\/mariaelviragz.com\/wp-content\/uploads\/2024\/10\/escritores-3.png\" \/>\n\t<meta property=\"og:image:width\" content=\"1080\" \/>\n\t<meta property=\"og:image:height\" content=\"1080\" \/>\n\t<meta property=\"og:image:type\" content=\"image\/png\" \/>\n<meta name=\"twitter:card\" content=\"summary_large_image\" \/>\n<meta name=\"twitter:title\" content=\"\u00bfEst\u00e1s escribiendo un libro?\" \/>\n<meta name=\"twitter:description\" content=\"Uno de los mayores retos para un escritor(a), al hacer realidad su obra de manera acertada, es obtener el apoyo y la gu\u00eda necesaria sin caer en el exceso de todas las opciones confusas disponibles. Podemos trabajar juntos desde la concepci\u00f3n de tu idea o en la fase de correcci\u00f3n, y planear estrategias para impulsar tu proyecto literario, compartir\u00e9 mi conocimiento contigo y lo lograremos. \u00a1Trabajemos juntos!\" \/>\n<meta name=\"twitter:image\" content=\"https:\/\/mariaelviragz.com\/wp-content\/uploads\/2024\/10\/escritores-3.png\" \/>\n<meta name=\"twitter:label1\" content=\"Tiempo de lectura\" \/>\n\t<meta name=\"twitter:data1\" content=\"2 minutos\" \/>\n<script type=\"application\/ld+json\" class=\"yoast-schema-graph\">{\"@context\":\"https:\/\/schema.org\",\"@graph\":[{\"@type\":\"WebPage\",\"@id\":\"https:\/\/mariaelviragz.com\/index.php\/estas-escribiendo-un-libro\/\",\"url\":\"https:\/\/mariaelviragz.com\/index.php\/estas-escribiendo-un-libro\/\",\"name\":\"\u00bfEst\u00e1s escribiendo un libro? - Maria Elvira\",\"isPartOf\":{\"@id\":\"https:\/\/mariaelviragz.com\/#website\"},\"primaryImageOfPage\":{\"@id\":\"https:\/\/mariaelviragz.com\/index.php\/estas-escribiendo-un-libro\/#primaryimage\"},\"image\":{\"@id\":\"https:\/\/mariaelviragz.com\/index.php\/estas-escribiendo-un-libro\/#primaryimage\"},\"thumbnailUrl\":\"https:\/\/mariaelviragz.com\/wp-content\/uploads\/elementor\/thumbs\/Diseno-sin-titulo-qpm3zgr5qha3t2mijg9kprhfi9zb7vft7ib7q1npfs.png\",\"datePublished\":\"2024-09-27T18:30:22+00:00\",\"dateModified\":\"2025-01-30T16:05:07+00:00\",\"description\":\"Uno de los mayores retos para un escritor(a), al hacer realidad su obra de manera acertada, es obtener el apoyo y la gu\u00eda necesaria sin caer en el exceso de todas las opciones confusas disponibles. Podemos trabajar juntos desde la concepci\u00f3n de tu idea o en la fase de correcci\u00f3n, y planear estrategias para impulsar tu proyecto literario, compartir\u00e9 mi conocimiento contigo y lo lograremos. \u00a1Trabajemos juntos!\",\"breadcrumb\":{\"@id\":\"https:\/\/mariaelviragz.com\/index.php\/estas-escribiendo-un-libro\/#breadcrumb\"},\"inLanguage\":\"es\",\"potentialAction\":[{\"@type\":\"ReadAction\",\"target\":[\"https:\/\/mariaelviragz.com\/index.php\/estas-escribiendo-un-libro\/\"]}]},{\"@type\":\"ImageObject\",\"inLanguage\":\"es\",\"@id\":\"https:\/\/mariaelviragz.com\/index.php\/estas-escribiendo-un-libro\/#primaryimage\",\"url\":\"https:\/\/mariaelviragz.com\/wp-content\/uploads\/elementor\/thumbs\/Diseno-sin-titulo-qpm3zgr5qha3t2mijg9kprhfi9zb7vft7ib7q1npfs.png\",\"contentUrl\":\"https:\/\/mariaelviragz.com\/wp-content\/uploads\/elementor\/thumbs\/Diseno-sin-titulo-qpm3zgr5qha3t2mijg9kprhfi9zb7vft7ib7q1npfs.png\"},{\"@type\":\"BreadcrumbList\",\"@id\":\"https:\/\/mariaelviragz.com\/index.php\/estas-escribiendo-un-libro\/#breadcrumb\",\"itemListElement\":[{\"@type\":\"ListItem\",\"position\":1,\"name\":\"Portada\",\"item\":\"https:\/\/mariaelviragz.com\/\"},{\"@type\":\"ListItem\",\"position\":2,\"name\":\"\u00bfEst\u00e1s escribiendo un libro?\"}]},{\"@type\":\"WebSite\",\"@id\":\"https:\/\/mariaelviragz.com\/#website\",\"url\":\"https:\/\/mariaelviragz.com\/\",\"name\":\"Maria Elvira\",\"description\":\"Escritora\",\"publisher\":{\"@id\":\"https:\/\/mariaelviragz.com\/#organization\"},\"potentialAction\":[{\"@type\":\"SearchAction\",\"target\":{\"@type\":\"EntryPoint\",\"urlTemplate\":\"https:\/\/mariaelviragz.com\/?s={search_term_string}\"},\"query-input\":{\"@type\":\"PropertyValueSpecification\",\"valueRequired\":true,\"valueName\":\"search_term_string\"}}],\"inLanguage\":\"es\"},{\"@type\":\"Organization\",\"@id\":\"https:\/\/mariaelviragz.com\/#organization\",\"name\":\"Maria Elvira\",\"url\":\"https:\/\/mariaelviragz.com\/\",\"logo\":{\"@type\":\"ImageObject\",\"inLanguage\":\"es\",\"@id\":\"https:\/\/mariaelviragz.com\/#\/schema\/logo\/image\/\",\"url\":\"https:\/\/mariaelviragz.com\/wp-content\/uploads\/2024\/02\/cropped-maria-elvira-3.png\",\"contentUrl\":\"https:\/\/mariaelviragz.com\/wp-content\/uploads\/2024\/02\/cropped-maria-elvira-3.png\",\"width\":642,\"height\":102,\"caption\":\"Maria Elvira\"},\"image\":{\"@id\":\"https:\/\/mariaelviragz.com\/#\/schema\/logo\/image\/\"}}]}<\/script>\n<!-- \/ Yoast SEO plugin. -->","yoast_head_json":{"title":"\u00bfEst\u00e1s escribiendo un libro? - Maria Elvira","description":"Uno de los mayores retos para un escritor(a), al hacer realidad su obra de manera acertada, es obtener el apoyo y la gu\u00eda necesaria sin caer en el exceso de todas las opciones confusas disponibles. Podemos trabajar juntos desde la concepci\u00f3n de tu idea o en la fase de correcci\u00f3n, y planear estrategias para impulsar tu proyecto literario, compartir\u00e9 mi conocimiento contigo y lo lograremos. \u00a1Trabajemos juntos!","robots":{"index":"index","follow":"follow","max-snippet":"max-snippet:-1","max-image-preview":"max-image-preview:large","max-video-preview":"max-video-preview:-1"},"canonical":"https:\/\/mariaelviragz.com\/index.php\/estas-escribiendo-un-libro\/","og_locale":"es_ES","og_type":"article","og_title":"\u00bfEst\u00e1s escribiendo un libro?","og_description":"Uno de los mayores retos para un escritor(a), al hacer realidad su obra de manera acertada, es obtener el apoyo y la gu\u00eda necesaria sin caer en el exceso de todas las opciones confusas disponibles. Podemos trabajar juntos desde la concepci\u00f3n de tu idea o en la fase de correcci\u00f3n, y planear estrategias para impulsar tu proyecto literario, compartir\u00e9 mi conocimiento contigo y lo lograremos. \u00a1Trabajemos juntos!","og_url":"https:\/\/mariaelviragz.com\/index.php\/estas-escribiendo-un-libro\/","og_site_name":"Maria Elvira","article_modified_time":"2025-01-30T16:05:07+00:00","og_image":[{"width":1080,"height":1080,"url":"https:\/\/mariaelviragz.com\/wp-content\/uploads\/2024\/10\/escritores-3.png","type":"image\/png"}],"twitter_card":"summary_large_image","twitter_title":"\u00bfEst\u00e1s escribiendo un libro?","twitter_description":"Uno de los mayores retos para un escritor(a), al hacer realidad su obra de manera acertada, es obtener el apoyo y la gu\u00eda necesaria sin caer en el exceso de todas las opciones confusas disponibles. Podemos trabajar juntos desde la concepci\u00f3n de tu idea o en la fase de correcci\u00f3n, y planear estrategias para impulsar tu proyecto literario, compartir\u00e9 mi conocimiento contigo y lo lograremos. \u00a1Trabajemos juntos!","twitter_image":"https:\/\/mariaelviragz.com\/wp-content\/uploads\/2024\/10\/escritores-3.png","twitter_misc":{"Tiempo de lectura":"2 minutos"},"schema":{"@context":"https:\/\/schema.org","@graph":[{"@type":"WebPage","@id":"https:\/\/mariaelviragz.com\/index.php\/estas-escribiendo-un-libro\/","url":"https:\/\/mariaelviragz.com\/index.php\/estas-escribiendo-un-libro\/","name":"\u00bfEst\u00e1s escribiendo un libro? - Maria Elvira","isPartOf":{"@id":"https:\/\/mariaelviragz.com\/#website"},"primaryImageOfPage":{"@id":"https:\/\/mariaelviragz.com\/index.php\/estas-escribiendo-un-libro\/#primaryimage"},"image":{"@id":"https:\/\/mariaelviragz.com\/index.php\/estas-escribiendo-un-libro\/#primaryimage"},"thumbnailUrl":"https:\/\/mariaelviragz.com\/wp-content\/uploads\/elementor\/thumbs\/Diseno-sin-titulo-qpm3zgr5qha3t2mijg9kprhfi9zb7vft7ib7q1npfs.png","datePublished":"2024-09-27T18:30:22+00:00","dateModified":"2025-01-30T16:05:07+00:00","description":"Uno de los mayores retos para un escritor(a), al hacer realidad su obra de manera acertada, es obtener el apoyo y la gu\u00eda necesaria sin caer en el exceso de todas las opciones confusas disponibles. Podemos trabajar juntos desde la concepci\u00f3n de tu idea o en la fase de correcci\u00f3n, y planear estrategias para impulsar tu proyecto literario, compartir\u00e9 mi conocimiento contigo y lo lograremos. \u00a1Trabajemos juntos!","breadcrumb":{"@id":"https:\/\/mariaelviragz.com\/index.php\/estas-escribiendo-un-libro\/#breadcrumb"},"inLanguage":"es","potentialAction":[{"@type":"ReadAction","target":["https:\/\/mariaelviragz.com\/index.php\/estas-escribiendo-un-libro\/"]}]},{"@type":"ImageObject","inLanguage":"es","@id":"https:\/\/mariaelviragz.com\/index.php\/estas-escribiendo-un-libro\/#primaryimage","url":"https:\/\/mariaelviragz.com\/wp-content\/uploads\/elementor\/thumbs\/Diseno-sin-titulo-qpm3zgr5qha3t2mijg9kprhfi9zb7vft7ib7q1npfs.png","contentUrl":"https:\/\/mariaelviragz.com\/wp-content\/uploads\/elementor\/thumbs\/Diseno-sin-titulo-qpm3zgr5qha3t2mijg9kprhfi9zb7vft7ib7q1npfs.png"},{"@type":"BreadcrumbList","@id":"https:\/\/mariaelviragz.com\/index.php\/estas-escribiendo-un-libro\/#breadcrumb","itemListElement":[{"@type":"ListItem","position":1,"name":"Portada","item":"https:\/\/mariaelviragz.com\/"},{"@type":"ListItem","position":2,"name":"\u00bfEst\u00e1s escribiendo un libro?"}]},{"@type":"WebSite","@id":"https:\/\/mariaelviragz.com\/#website","url":"https:\/\/mariaelviragz.com\/","name":"Maria Elvira","description":"Escritora","publisher":{"@id":"https:\/\/mariaelviragz.com\/#organization"},"potentialAction":[{"@type":"SearchAction","target":{"@type":"EntryPoint","urlTemplate":"https:\/\/mariaelviragz.com\/?s={search_term_string}"},"query-input":{"@type":"PropertyValueSpecification","valueRequired":true,"valueName":"search_term_string"}}],"inLanguage":"es"},{"@type":"Organization","@id":"https:\/\/mariaelviragz.com\/#organization","name":"Maria Elvira","url":"https:\/\/mariaelviragz.com\/","logo":{"@type":"ImageObject","inLanguage":"es","@id":"https:\/\/mariaelviragz.com\/#\/schema\/logo\/image\/","url":"https:\/\/mariaelviragz.com\/wp-content\/uploads\/2024\/02\/cropped-maria-elvira-3.png","contentUrl":"https:\/\/mariaelviragz.com\/wp-content\/uploads\/2024\/02\/cropped-maria-elvira-3.png","width":642,"height":102,"caption":"Maria Elvira"},"image":{"@id":"https:\/\/mariaelviragz.com\/#\/schema\/logo\/image\/"}}]}},"jetpack_sharing_enabled":true,"_links":{"self":[{"href":"https:\/\/mariaelviragz.com\/index.php\/wp-json\/wp\/v2\/pages\/1733","targetHints":{"allow":["GET"]}}],"collection":[{"href":"https:\/\/mariaelviragz.com\/index.php\/wp-json\/wp\/v2\/pages"}],"about":[{"href":"https:\/\/mariaelviragz.com\/index.php\/wp-json\/wp\/v2\/types\/page"}],"author":[{"embeddable":true,"href":"https:\/\/mariaelviragz.com\/index.php\/wp-json\/wp\/v2\/users\/2"}],"replies":[{"embeddable":true,"href":"https:\/\/mariaelviragz.com\/index.php\/wp-json\/wp\/v2\/comments?post=1733"}],"version-history":[{"count":38,"href":"https:\/\/mariaelviragz.com\/index.php\/wp-json\/wp\/v2\/pages\/1733\/revisions"}],"predecessor-version":[{"id":1783,"href":"https:\/\/mariaelviragz.com\/index.php\/wp-json\/wp\/v2\/pages\/1733\/revisions\/1783"}],"wp:attachment":[{"href":"https:\/\/mariaelviragz.com\/index.php\/wp-json\/wp\/v2\/media?parent=1733"}],"curies":[{"name":"wp","href":"https:\/\/api.w.org\/{rel}","templated":true}]}}