{"id":1355,"date":"2024-02-21T19:54:39","date_gmt":"2024-02-21T18:54:39","guid":{"rendered":"https:\/\/mariaelviragz.com\/?page_id=1355"},"modified":"2026-04-06T14:11:48","modified_gmt":"2026-04-06T19:11:48","slug":"tienda","status":"publish","type":"page","link":"https:\/\/mariaelviragz.com\/index.php\/tienda\/","title":{"rendered":"Tienda"},"content":{"rendered":"\t\t<div data-elementor-type=\"wp-page\" data-elementor-id=\"1355\" class=\"elementor elementor-1355\" data-elementor-post-type=\"page\">\n\t\t\t\t<div class=\"elementor-element elementor-element-bdc327c e-flex e-con-boxed e-con e-parent\" data-id=\"bdc327c\" data-element_type=\"container\" data-e-type=\"container\">\n\t\t\t\t\t<div class=\"e-con-inner\">\n\t\t\t\t<div class=\"elementor-element elementor-element-ad726aa elementor-widget elementor-widget-spacer\" data-id=\"ad726aa\" data-element_type=\"widget\" data-e-type=\"widget\" data-widget_type=\"spacer.default\">\n\t\t\t\t<div class=\"elementor-widget-container\">\n\t\t\t\t\t\t\t<div class=\"elementor-spacer\">\n\t\t\t<div class=\"elementor-spacer-inner\"><\/div>\n\t\t<\/div>\n\t\t\t\t\t\t<\/div>\n\t\t\t\t<\/div>\n\t\t\t\t<div class=\"elementor-element elementor-element-273cdd7 elementor-view-default elementor-widget elementor-widget-icon\" data-id=\"273cdd7\" data-element_type=\"widget\" data-e-type=\"widget\" data-widget_type=\"icon.default\">\n\t\t\t\t<div class=\"elementor-widget-container\">\n\t\t\t\t\t\t\t<div class=\"elementor-icon-wrapper\">\n\t\t\t<div class=\"elementor-icon\">\n\t\t\t<i aria-hidden=\"true\" class=\"icon icon-commerce-and-shopping\"><\/i>\t\t\t<\/div>\n\t\t<\/div>\n\t\t\t\t\t\t<\/div>\n\t\t\t\t<\/div>\n\t\t\t\t<div class=\"elementor-element elementor-element-ed383b6 elementor-widget elementor-widget-heading\" data-id=\"ed383b6\" data-element_type=\"widget\" data-e-type=\"widget\" data-widget_type=\"heading.default\">\n\t\t\t\t<div class=\"elementor-widget-container\">\n\t\t\t\t\t<h2 class=\"elementor-heading-title elementor-size-default\">Libros disponibles<\/h2>\t\t\t\t<\/div>\n\t\t\t\t<\/div>\n\t\t\t\t<div class=\"elementor-element elementor-element-87056d8 elementor-widget elementor-widget-text-editor\" data-id=\"87056d8\" data-element_type=\"widget\" data-e-type=\"widget\" data-widget_type=\"text-editor.default\">\n\t\t\t\t<div class=\"elementor-widget-container\">\n\t\t\t\t\t\t\t\t\t<p>Recuerde que puede comprar tambi\u00e9n a trav\u00e9s de nuestra l\u00ednea directa de\u00a0<a href=\"https:\/\/wa.me\/message\/A46SEMFBPGHZM1\" target=\"_blank\" rel=\"noopener\">whatsapp\u00a0<\/a>con nuestros asesores. Y as\u00ed evita cualquier contratiempo de su compra.<\/p>\t\t\t\t\t\t\t\t<\/div>\n\t\t\t\t<\/div>\n\t\t\t\t<div class=\"elementor-element elementor-element-41a11dc elementor-grid-2 elementor-grid-tablet-3 elementor-grid-mobile-2 elementor-products-grid elementor-wc-products elementor-show-pagination-border-yes elementor-widget elementor-widget-woocommerce-products\" data-id=\"41a11dc\" data-element_type=\"widget\" data-e-type=\"widget\" data-widget_type=\"woocommerce-products.default\">\n\t\t\t\t<div class=\"elementor-widget-container\">\n\t\t\t\t\t<div class=\"woocommerce columns-2 \"><div class=\"woocommerce-notices-wrapper\"><\/div><p class=\"woocommerce-result-count\" role=\"alert\" aria-relevant=\"all\" >\n\tMostrando los 2 resultados<\/p>\n<form class=\"woocommerce-ordering\" method=\"get\">\n\t\t<select\n\t\tname=\"orderby\"\n\t\tclass=\"orderby\"\n\t\t\t\t\taria-label=\"Pedido de la tienda\"\n\t\t\t>\n\t\t\t\t\t<option value=\"menu_order\"  selected='selected'>Orden predeterminado<\/option>\n\t\t\t\t\t<option value=\"popularity\" >Ordenar por popularidad<\/option>\n\t\t\t\t\t<option value=\"rating\" >Ordenar por puntuaci\u00f3n media<\/option>\n\t\t\t\t\t<option value=\"date\" >Ordenar por los \u00faltimos<\/option>\n\t\t\t\t\t<option value=\"price\" >Ordenar por precio: bajo a alto<\/option>\n\t\t\t\t\t<option value=\"price-desc\" >Ordenar por precio: alto a bajo<\/option>\n\t\t\t<\/select>\n\t<input type=\"hidden\" name=\"paged\" value=\"1\" \/>\n\t<\/form>\n<ul class=\"products elementor-grid columns-2\">\n<li class=\"entry product type-product post-2680 status-publish first instock product_cat-sin-categorizar has-post-thumbnail featured shipping-taxable purchasable product-type-simple\">\n\t<a href=\"https:\/\/mariaelviragz.com\/index.php\/producto\/la-gran-monarca-azul\/\" class=\"woocommerce-LoopProduct-link woocommerce-loop-product__link\"><img fetchpriority=\"high\" decoding=\"async\" width=\"450\" height=\"450\" src=\"https:\/\/mariaelviragz.com\/wp-content\/uploads\/2025\/04\/Imagen-de-WhatsApp-2025-04-18-a-las-09.19.23_072d188d-450x450.jpg\" class=\"attachment-woocommerce_thumbnail size-woocommerce_thumbnail\" alt=\"La Gran Monarca Azul\" srcset=\"https:\/\/mariaelviragz.com\/wp-content\/uploads\/2025\/04\/Imagen-de-WhatsApp-2025-04-18-a-las-09.19.23_072d188d-450x450.jpg 450w, https:\/\/mariaelviragz.com\/wp-content\/uploads\/2025\/04\/Imagen-de-WhatsApp-2025-04-18-a-las-09.19.23_072d188d-150x150.jpg 150w, https:\/\/mariaelviragz.com\/wp-content\/uploads\/2025\/04\/Imagen-de-WhatsApp-2025-04-18-a-las-09.19.23_072d188d-100x100.jpg 100w\" sizes=\"(max-width: 450px) 100vw, 450px\" style=\"width:100%;height:128.74%;max-width:828px;\" \/><h2 class=\"woocommerce-loop-product__title\">La Gran Monarca Azul<\/h2>\n\t<span class=\"price\"><span class=\"woocommerce-Price-amount amount\"><bdi><span class=\"woocommerce-Price-currencySymbol\">$<\/span>&nbsp;50.000<\/bdi><\/span><\/span>\n<\/a><a href=\"\/index.php\/wp-json\/wp\/v2\/pages\/1355?add-to-cart=2680\" aria-describedby=\"woocommerce_loop_add_to_cart_link_describedby_2680\" data-quantity=\"1\" class=\"button product_type_simple add_to_cart_button ajax_add_to_cart\" data-product_id=\"2680\" data-product_sku=\"libro-memorias-de-historias-recordadas-1\" aria-label=\"A\u00f1adir al carrito: &ldquo;La Gran Monarca Azul&rdquo;\" rel=\"nofollow\" data-success_message=\"\u00abLa Gran Monarca Azul\u00bb se ha a\u00f1adido a tu carrito\">A\u00f1adir al carrito<\/a>\t<span id=\"woocommerce_loop_add_to_cart_link_describedby_2680\" class=\"screen-reader-text\">\n\t\t\t<\/span>\n<\/li>\n<li class=\"entry product type-product post-496 status-publish last instock product_cat-sin-categorizar has-post-thumbnail shipping-taxable purchasable product-type-simple\">\n\t<a href=\"https:\/\/mariaelviragz.com\/index.php\/producto\/libro-memorias-de-historias-recordadas\/\" class=\"woocommerce-LoopProduct-link woocommerce-loop-product__link\"><img decoding=\"async\" width=\"450\" height=\"450\" src=\"https:\/\/mariaelviragz.com\/wp-content\/uploads\/2024\/02\/Brown-and-Cream-Soft-Book-Cover-Mockup-Instagram-Post-1-450x450.png\" class=\"attachment-woocommerce_thumbnail size-woocommerce_thumbnail\" alt=\"Libro historias de memorias recordadas\" srcset=\"https:\/\/mariaelviragz.com\/wp-content\/uploads\/2024\/02\/Brown-and-Cream-Soft-Book-Cover-Mockup-Instagram-Post-1-450x450.png 450w, https:\/\/mariaelviragz.com\/wp-content\/uploads\/2024\/02\/Brown-and-Cream-Soft-Book-Cover-Mockup-Instagram-Post-1-300x300.png 300w, https:\/\/mariaelviragz.com\/wp-content\/uploads\/2024\/02\/Brown-and-Cream-Soft-Book-Cover-Mockup-Instagram-Post-1-1024x1024.png 1024w, https:\/\/mariaelviragz.com\/wp-content\/uploads\/2024\/02\/Brown-and-Cream-Soft-Book-Cover-Mockup-Instagram-Post-1-150x150.png 150w, https:\/\/mariaelviragz.com\/wp-content\/uploads\/2024\/02\/Brown-and-Cream-Soft-Book-Cover-Mockup-Instagram-Post-1-768x768.png 768w, https:\/\/mariaelviragz.com\/wp-content\/uploads\/2024\/02\/Brown-and-Cream-Soft-Book-Cover-Mockup-Instagram-Post-1-600x600.png 600w, https:\/\/mariaelviragz.com\/wp-content\/uploads\/2024\/02\/Brown-and-Cream-Soft-Book-Cover-Mockup-Instagram-Post-1-100x100.png 100w, https:\/\/mariaelviragz.com\/wp-content\/uploads\/2024\/02\/Brown-and-Cream-Soft-Book-Cover-Mockup-Instagram-Post-1.png 1080w\" sizes=\"(max-width: 450px) 100vw, 450px\" style=\"width:100%;height:100%;max-width:1080px;\" \/><h2 class=\"woocommerce-loop-product__title\">Libro historias de memorias recordadas<\/h2>\n\t<span class=\"price\"><span class=\"woocommerce-Price-amount amount\"><bdi><span class=\"woocommerce-Price-currencySymbol\">$<\/span>&nbsp;90.000<\/bdi><\/span><\/span>\n<\/a><a href=\"\/index.php\/wp-json\/wp\/v2\/pages\/1355?add-to-cart=496\" aria-describedby=\"woocommerce_loop_add_to_cart_link_describedby_496\" data-quantity=\"1\" class=\"button product_type_simple add_to_cart_button ajax_add_to_cart\" data-product_id=\"496\" data-product_sku=\"libro-memorias-de-historias-recordadas\" aria-label=\"A\u00f1adir al carrito: &ldquo;Libro historias de memorias recordadas&rdquo;\" rel=\"nofollow\" data-success_message=\"\u00abLibro historias de memorias recordadas\u00bb se ha a\u00f1adido a tu carrito\">A\u00f1adir al carrito<\/a>\t<span id=\"woocommerce_loop_add_to_cart_link_describedby_496\" class=\"screen-reader-text\">\n\t\t\t<\/span>\n<\/li>\n<\/ul>\n<\/div>\t\t\t\t<\/div>\n\t\t\t\t<\/div>\n\t\t\t\t<div class=\"elementor-element elementor-element-7fe53be elementor-align-justify elementor-widget elementor-widget-button\" data-id=\"7fe53be\" data-element_type=\"widget\" data-e-type=\"widget\" data-widget_type=\"button.default\">\n\t\t\t\t<div class=\"elementor-widget-container\">\n\t\t\t\t\t\t\t\t\t<div class=\"elementor-button-wrapper\">\n\t\t\t\t\t<a class=\"elementor-button elementor-button-link elementor-size-sm\" href=\"https:\/\/wa.me\/message\/A46SEMFBPGHZM1\">\n\t\t\t\t\t\t<span class=\"elementor-button-content-wrapper\">\n\t\t\t\t\t\t\t\t\t<span class=\"elementor-button-text\">Prefiero comprar directamente.<\/span>\n\t\t\t\t\t<\/span>\n\t\t\t\t\t<\/a>\n\t\t\t\t<\/div>\n\t\t\t\t\t\t\t\t<\/div>\n\t\t\t\t<\/div>\n\t\t\t\t\t<\/div>\n\t\t\t\t<\/div>\n\t\t\t\t<\/div>\n\t\t","protected":false},"excerpt":{"rendered":"<p>Libros disponibles Recuerde que puede comprar tambi\u00e9n a trav\u00e9s de nuestra l\u00ednea directa de\u00a0whatsapp\u00a0con nuestros asesores. Y as\u00ed evita cualquier contratiempo de su compra. Prefiero comprar directamente.<\/p>\n","protected":false},"author":1,"featured_media":0,"parent":0,"menu_order":0,"comment_status":"closed","ping_status":"closed","template":"elementor_header_footer","meta":{"footnotes":""},"class_list":["post-1355","page","type-page","status-publish","hentry","entry"],"yoast_head":"<!-- This site is optimized with the Yoast SEO plugin v27.2 - https:\/\/yoast.com\/product\/yoast-seo-wordpress\/ -->\n<title>Tienda - Maria Elvira<\/title>\n<meta name=\"robots\" content=\"index, follow, max-snippet:-1, max-image-preview:large, max-video-preview:-1\" \/>\n<link rel=\"canonical\" href=\"https:\/\/mariaelviragz.com\/index.php\/tienda\/\" \/>\n<meta property=\"og:locale\" content=\"es_ES\" \/>\n<meta property=\"og:type\" content=\"article\" \/>\n<meta property=\"og:title\" content=\"Tienda - Maria Elvira\" \/>\n<meta property=\"og:description\" content=\"Libros disponibles Recuerde que puede comprar tambi\u00e9n a trav\u00e9s de nuestra l\u00ednea directa de\u00a0whatsapp\u00a0con nuestros asesores. Y as\u00ed evita cualquier contratiempo de su compra. Prefiero comprar directamente.\" \/>\n<meta property=\"og:url\" content=\"https:\/\/mariaelviragz.com\/index.php\/tienda\/\" \/>\n<meta property=\"og:site_name\" content=\"Maria Elvira\" \/>\n<meta property=\"article:modified_time\" content=\"2026-04-06T19:11:48+00:00\" \/>\n<meta name=\"twitter:card\" content=\"summary_large_image\" \/>\n<meta name=\"twitter:label1\" content=\"Tiempo de lectura\" \/>\n\t<meta name=\"twitter:data1\" content=\"1 minuto\" \/>\n<script type=\"application\/ld+json\" class=\"yoast-schema-graph\">{\"@context\":\"https:\/\/schema.org\",\"@graph\":[{\"@type\":\"WebPage\",\"@id\":\"https:\/\/mariaelviragz.com\/index.php\/tienda\/\",\"url\":\"https:\/\/mariaelviragz.com\/index.php\/tienda\/\",\"name\":\"Tienda - Maria Elvira\",\"isPartOf\":{\"@id\":\"https:\/\/mariaelviragz.com\/#website\"},\"datePublished\":\"2024-02-21T18:54:39+00:00\",\"dateModified\":\"2026-04-06T19:11:48+00:00\",\"breadcrumb\":{\"@id\":\"https:\/\/mariaelviragz.com\/index.php\/tienda\/#breadcrumb\"},\"inLanguage\":\"es\",\"potentialAction\":[{\"@type\":\"ReadAction\",\"target\":[\"https:\/\/mariaelviragz.com\/index.php\/tienda\/\"]}]},{\"@type\":\"BreadcrumbList\",\"@id\":\"https:\/\/mariaelviragz.com\/index.php\/tienda\/#breadcrumb\",\"itemListElement\":[{\"@type\":\"ListItem\",\"position\":1,\"name\":\"Portada\",\"item\":\"https:\/\/mariaelviragz.com\/\"},{\"@type\":\"ListItem\",\"position\":2,\"name\":\"Tienda\"}]},{\"@type\":\"WebSite\",\"@id\":\"https:\/\/mariaelviragz.com\/#website\",\"url\":\"https:\/\/mariaelviragz.com\/\",\"name\":\"Maria Elvira\",\"description\":\"Escritora\",\"publisher\":{\"@id\":\"https:\/\/mariaelviragz.com\/#organization\"},\"potentialAction\":[{\"@type\":\"SearchAction\",\"target\":{\"@type\":\"EntryPoint\",\"urlTemplate\":\"https:\/\/mariaelviragz.com\/?s={search_term_string}\"},\"query-input\":{\"@type\":\"PropertyValueSpecification\",\"valueRequired\":true,\"valueName\":\"search_term_string\"}}],\"inLanguage\":\"es\"},{\"@type\":\"Organization\",\"@id\":\"https:\/\/mariaelviragz.com\/#organization\",\"name\":\"Maria Elvira\",\"url\":\"https:\/\/mariaelviragz.com\/\",\"logo\":{\"@type\":\"ImageObject\",\"inLanguage\":\"es\",\"@id\":\"https:\/\/mariaelviragz.com\/#\/schema\/logo\/image\/\",\"url\":\"https:\/\/mariaelviragz.com\/wp-content\/uploads\/2024\/02\/cropped-maria-elvira-3.png\",\"contentUrl\":\"https:\/\/mariaelviragz.com\/wp-content\/uploads\/2024\/02\/cropped-maria-elvira-3.png\",\"width\":642,\"height\":102,\"caption\":\"Maria Elvira\"},\"image\":{\"@id\":\"https:\/\/mariaelviragz.com\/#\/schema\/logo\/image\/\"}}]}<\/script>\n<!-- \/ Yoast SEO plugin. -->","yoast_head_json":{"title":"Tienda - Maria Elvira","robots":{"index":"index","follow":"follow","max-snippet":"max-snippet:-1","max-image-preview":"max-image-preview:large","max-video-preview":"max-video-preview:-1"},"canonical":"https:\/\/mariaelviragz.com\/index.php\/tienda\/","og_locale":"es_ES","og_type":"article","og_title":"Tienda - Maria Elvira","og_description":"Libros disponibles Recuerde que puede comprar tambi\u00e9n a trav\u00e9s de nuestra l\u00ednea directa de\u00a0whatsapp\u00a0con nuestros asesores. Y as\u00ed evita cualquier contratiempo de su compra. Prefiero comprar directamente.","og_url":"https:\/\/mariaelviragz.com\/index.php\/tienda\/","og_site_name":"Maria Elvira","article_modified_time":"2026-04-06T19:11:48+00:00","twitter_card":"summary_large_image","twitter_misc":{"Tiempo de lectura":"1 minuto"},"schema":{"@context":"https:\/\/schema.org","@graph":[{"@type":"WebPage","@id":"https:\/\/mariaelviragz.com\/index.php\/tienda\/","url":"https:\/\/mariaelviragz.com\/index.php\/tienda\/","name":"Tienda - Maria Elvira","isPartOf":{"@id":"https:\/\/mariaelviragz.com\/#website"},"datePublished":"2024-02-21T18:54:39+00:00","dateModified":"2026-04-06T19:11:48+00:00","breadcrumb":{"@id":"https:\/\/mariaelviragz.com\/index.php\/tienda\/#breadcrumb"},"inLanguage":"es","potentialAction":[{"@type":"ReadAction","target":["https:\/\/mariaelviragz.com\/index.php\/tienda\/"]}]},{"@type":"BreadcrumbList","@id":"https:\/\/mariaelviragz.com\/index.php\/tienda\/#breadcrumb","itemListElement":[{"@type":"ListItem","position":1,"name":"Portada","item":"https:\/\/mariaelviragz.com\/"},{"@type":"ListItem","position":2,"name":"Tienda"}]},{"@type":"WebSite","@id":"https:\/\/mariaelviragz.com\/#website","url":"https:\/\/mariaelviragz.com\/","name":"Maria Elvira","description":"Escritora","publisher":{"@id":"https:\/\/mariaelviragz.com\/#organization"},"potentialAction":[{"@type":"SearchAction","target":{"@type":"EntryPoint","urlTemplate":"https:\/\/mariaelviragz.com\/?s={search_term_string}"},"query-input":{"@type":"PropertyValueSpecification","valueRequired":true,"valueName":"search_term_string"}}],"inLanguage":"es"},{"@type":"Organization","@id":"https:\/\/mariaelviragz.com\/#organization","name":"Maria Elvira","url":"https:\/\/mariaelviragz.com\/","logo":{"@type":"ImageObject","inLanguage":"es","@id":"https:\/\/mariaelviragz.com\/#\/schema\/logo\/image\/","url":"https:\/\/mariaelviragz.com\/wp-content\/uploads\/2024\/02\/cropped-maria-elvira-3.png","contentUrl":"https:\/\/mariaelviragz.com\/wp-content\/uploads\/2024\/02\/cropped-maria-elvira-3.png","width":642,"height":102,"caption":"Maria Elvira"},"image":{"@id":"https:\/\/mariaelviragz.com\/#\/schema\/logo\/image\/"}}]}},"jetpack_sharing_enabled":true,"_links":{"self":[{"href":"https:\/\/mariaelviragz.com\/index.php\/wp-json\/wp\/v2\/pages\/1355","targetHints":{"allow":["GET"]}}],"collection":[{"href":"https:\/\/mariaelviragz.com\/index.php\/wp-json\/wp\/v2\/pages"}],"about":[{"href":"https:\/\/mariaelviragz.com\/index.php\/wp-json\/wp\/v2\/types\/page"}],"author":[{"embeddable":true,"href":"https:\/\/mariaelviragz.com\/index.php\/wp-json\/wp\/v2\/users\/1"}],"replies":[{"embeddable":true,"href":"https:\/\/mariaelviragz.com\/index.php\/wp-json\/wp\/v2\/comments?post=1355"}],"version-history":[{"count":11,"href":"https:\/\/mariaelviragz.com\/index.php\/wp-json\/wp\/v2\/pages\/1355\/revisions"}],"predecessor-version":[{"id":2689,"href":"https:\/\/mariaelviragz.com\/index.php\/wp-json\/wp\/v2\/pages\/1355\/revisions\/2689"}],"wp:attachment":[{"href":"https:\/\/mariaelviragz.com\/index.php\/wp-json\/wp\/v2\/media?parent=1355"}],"curies":[{"name":"wp","href":"https:\/\/api.w.org\/{rel}","templated":true}]}}